{"id":93,"date":"2022-06-10T10:38:41","date_gmt":"2022-06-10T07:38:41","guid":{"rendered":"https:\/\/islerhavuz.com\/?page_id=93"},"modified":"2022-06-10T10:46:14","modified_gmt":"2022-06-10T07:46:14","slug":"bidon","status":"publish","type":"page","link":"https:\/\/islerhavuz.com\/index.php\/bidon\/","title":{"rendered":"Bidon"},"content":{"rendered":"\n<p>Plastik Bidon, y\u00fcksek mukavemetli olmas\u0131 sebebiyle bir \u00e7ok end\u00fcstriyel sahan\u0131n yan\u0131 s\u0131ra hayat\u0131n her alan\u0131nda genellikle s\u0131v\u0131lar\u0131n muhafazas\u0131 ve ta\u015f\u0131nmas\u0131nda kullan\u0131l\u0131r.<br>Plastik \u015ei\u015firme (Blow Molding)<br>Y\u00fcksek yo\u011funluklu polietilen(HDPE) hammaddesinin Ekstr\u00fczyon \u015ei\u015firme y\u00f6ntemiyle plastik bidon,f\u0131\u00e7\u0131,\u015fi\u015fe gibi ambalaj ve saklama \u00fcr\u00fcnlerinimizin \u00fcretim teknolojisidir.<br>500ml pet \u015fi\u015fe 1000ml pet \u015fi\u015fe 5lt bidon 10lt bidon 20lt bidon 30lt bidon imalatlar\u0131 yap\u0131lmaktad\u0131r.<\/p>\n\n\n\n<!-- default-view.php -->\n<div\n\tclass=\"ngg-galleryoverview default-view \"\n\tid=\"ngg-gallery-c06a3b6af7ad3668ef57f7158fa752f4-1\">\n\n\t\t<!-- Thumbnails -->\n\t\t\t\t<div id=\"ngg-image-0\" class=\"ngg-gallery-thumbnail-box ngg-4-columns\" >\n\t\t\t\t        <div class=\"ngg-gallery-thumbnail\">\n            <a href=\"https:\/\/islerhavuz.com\/wp-content\/gallery\/bidon\/WhatsApp-Image-2022-06-08-at-08.56.00.jpeg\"\n               title=\"\"\n               data-src=\"https:\/\/islerhavuz.com\/wp-content\/gallery\/bidon\/WhatsApp-Image-2022-06-08-at-08.56.00.jpeg\"\n               data-thumbnail=\"https:\/\/islerhavuz.com\/wp-content\/gallery\/bidon\/thumbs\/thumbs_WhatsApp-Image-2022-06-08-at-08.56.00.jpeg\"\n               data-image-id=\"1\"\n               data-title=\"WhatsApp-Image-2022-06-08-at-08.56.00\"\n               data-description=\"\"\n               data-image-slug=\"whatsapp-image-2022-06-08-at-08-56-00\"\n               class=\"ngg-simplelightbox\" rel=\"c06a3b6af7ad3668ef57f7158fa752f4\">\n                <img\n                    title=\"WhatsApp-Image-2022-06-08-at-08.56.00\"\n                    alt=\"WhatsApp-Image-2022-06-08-at-08.56.00\"\n                    src=\"https:\/\/islerhavuz.com\/wp-content\/gallery\/bidon\/cache\/WhatsApp-Image-2022-06-08-at-08.56.00.jpeg-nggid011-ngg0dyn-350x350x100-00f0w010c010r110f110r010t010.jpeg\"\n                    width=\"233\"\n                    height=\"350\"\n                    style=\"max-width:100%;\"\n                \/>\n            <\/a>\n        <\/div>\n\t\t\t\t\t\t\t<\/div> \n\t\t\t\n\t\t\t\t<div id=\"ngg-image-1\" class=\"ngg-gallery-thumbnail-box ngg-4-columns\" >\n\t\t\t\t        <div class=\"ngg-gallery-thumbnail\">\n            <a href=\"https:\/\/islerhavuz.com\/wp-content\/gallery\/bidon\/WhatsApp-Image-2022-06-08-at-08.56.01.jpeg\"\n               title=\"\"\n               data-src=\"https:\/\/islerhavuz.com\/wp-content\/gallery\/bidon\/WhatsApp-Image-2022-06-08-at-08.56.01.jpeg\"\n               data-thumbnail=\"https:\/\/islerhavuz.com\/wp-content\/gallery\/bidon\/thumbs\/thumbs_WhatsApp-Image-2022-06-08-at-08.56.01.jpeg\"\n               data-image-id=\"2\"\n               data-title=\"WhatsApp-Image-2022-06-08-at-08.56.01\"\n               data-description=\"\"\n               data-image-slug=\"whatsapp-image-2022-06-08-at-08-56-01\"\n               class=\"ngg-simplelightbox\" rel=\"c06a3b6af7ad3668ef57f7158fa752f4\">\n                <img\n                    title=\"WhatsApp-Image-2022-06-08-at-08.56.01\"\n                    alt=\"WhatsApp-Image-2022-06-08-at-08.56.01\"\n                    src=\"https:\/\/islerhavuz.com\/wp-content\/gallery\/bidon\/cache\/WhatsApp-Image-2022-06-08-at-08.56.01.jpeg-nggid012-ngg0dyn-350x350x100-00f0w010c010r110f110r010t010.jpeg\"\n                    width=\"233\"\n                    height=\"350\"\n                    style=\"max-width:100%;\"\n                \/>\n            <\/a>\n        <\/div>\n\t\t\t\t\t\t\t<\/div> \n\t\t\t\n\t\t\t\t<div id=\"ngg-image-2\" class=\"ngg-gallery-thumbnail-box ngg-4-columns\" >\n\t\t\t\t        <div class=\"ngg-gallery-thumbnail\">\n            <a href=\"https:\/\/islerhavuz.com\/wp-content\/gallery\/bidon\/WhatsApp-Image-2022-06-08-at-08.56.02.jpeg\"\n               title=\"\"\n               data-src=\"https:\/\/islerhavuz.com\/wp-content\/gallery\/bidon\/WhatsApp-Image-2022-06-08-at-08.56.02.jpeg\"\n               data-thumbnail=\"https:\/\/islerhavuz.com\/wp-content\/gallery\/bidon\/thumbs\/thumbs_WhatsApp-Image-2022-06-08-at-08.56.02.jpeg\"\n               data-image-id=\"3\"\n               data-title=\"WhatsApp-Image-2022-06-08-at-08.56.02\"\n               data-description=\"\"\n               data-image-slug=\"whatsapp-image-2022-06-08-at-08-56-02\"\n               class=\"ngg-simplelightbox\" rel=\"c06a3b6af7ad3668ef57f7158fa752f4\">\n                <img\n                    title=\"WhatsApp-Image-2022-06-08-at-08.56.02\"\n                    alt=\"WhatsApp-Image-2022-06-08-at-08.56.02\"\n                    src=\"https:\/\/islerhavuz.com\/wp-content\/gallery\/bidon\/cache\/WhatsApp-Image-2022-06-08-at-08.56.02.jpeg-nggid013-ngg0dyn-350x350x100-00f0w010c010r110f110r010t010.jpeg\"\n                    width=\"233\"\n                    height=\"350\"\n                    style=\"max-width:100%;\"\n                \/>\n            <\/a>\n        <\/div>\n\t\t\t\t\t\t\t<\/div> \n\t\t\t\n\t\t\t\t<div id=\"ngg-image-3\" class=\"ngg-gallery-thumbnail-box ngg-4-columns\" >\n\t\t\t\t        <div class=\"ngg-gallery-thumbnail\">\n            <a href=\"https:\/\/islerhavuz.com\/wp-content\/gallery\/bidon\/WhatsApp-Image-2022-06-08-at-08.56.03.jpeg\"\n               title=\"\"\n               data-src=\"https:\/\/islerhavuz.com\/wp-content\/gallery\/bidon\/WhatsApp-Image-2022-06-08-at-08.56.03.jpeg\"\n               data-thumbnail=\"https:\/\/islerhavuz.com\/wp-content\/gallery\/bidon\/thumbs\/thumbs_WhatsApp-Image-2022-06-08-at-08.56.03.jpeg\"\n               data-image-id=\"4\"\n               data-title=\"WhatsApp-Image-2022-06-08-at-08.56.03\"\n               data-description=\"\"\n               data-image-slug=\"whatsapp-image-2022-06-08-at-08-56-03\"\n               class=\"ngg-simplelightbox\" rel=\"c06a3b6af7ad3668ef57f7158fa752f4\">\n                <img\n                    title=\"WhatsApp-Image-2022-06-08-at-08.56.03\"\n                    alt=\"WhatsApp-Image-2022-06-08-at-08.56.03\"\n                    src=\"https:\/\/islerhavuz.com\/wp-content\/gallery\/bidon\/cache\/WhatsApp-Image-2022-06-08-at-08.56.03.jpeg-nggid014-ngg0dyn-350x350x100-00f0w010c010r110f110r010t010.jpeg\"\n                    width=\"233\"\n                    height=\"350\"\n                    style=\"max-width:100%;\"\n                \/>\n            <\/a>\n        <\/div>\n\t\t\t\t\t\t\t<\/div> \n\t\t\t\n\t\t\t\t<div id=\"ngg-image-4\" class=\"ngg-gallery-thumbnail-box ngg-4-columns\" >\n\t\t\t\t        <div class=\"ngg-gallery-thumbnail\">\n            <a href=\"https:\/\/islerhavuz.com\/wp-content\/gallery\/bidon\/WhatsApp-Image-2022-06-08-at-08.56.03-1.jpeg\"\n               title=\"\"\n               data-src=\"https:\/\/islerhavuz.com\/wp-content\/gallery\/bidon\/WhatsApp-Image-2022-06-08-at-08.56.03-1.jpeg\"\n               data-thumbnail=\"https:\/\/islerhavuz.com\/wp-content\/gallery\/bidon\/thumbs\/thumbs_WhatsApp-Image-2022-06-08-at-08.56.03-1.jpeg\"\n               data-image-id=\"5\"\n               data-title=\"WhatsApp-Image-2022-06-08-at-08.56.03-1\"\n               data-description=\"\"\n               data-image-slug=\"whatsapp-image-2022-06-08-at-08-56-03-1\"\n               class=\"ngg-simplelightbox\" rel=\"c06a3b6af7ad3668ef57f7158fa752f4\">\n                <img\n                    title=\"WhatsApp-Image-2022-06-08-at-08.56.03-1\"\n                    alt=\"WhatsApp-Image-2022-06-08-at-08.56.03-1\"\n                    src=\"https:\/\/islerhavuz.com\/wp-content\/gallery\/bidon\/cache\/WhatsApp-Image-2022-06-08-at-08.56.03-1.jpeg-nggid015-ngg0dyn-350x350x100-00f0w010c010r110f110r010t010.jpeg\"\n                    width=\"233\"\n                    height=\"350\"\n                    style=\"max-width:100%;\"\n                \/>\n            <\/a>\n        <\/div>\n\t\t\t\t\t\t\t<\/div> \n\t\t\t\n\t\t\t\t<div id=\"ngg-image-5\" class=\"ngg-gallery-thumbnail-box ngg-4-columns\" >\n\t\t\t\t        <div class=\"ngg-gallery-thumbnail\">\n            <a href=\"https:\/\/islerhavuz.com\/wp-content\/gallery\/bidon\/WhatsApp-Image-2022-06-08-at-08.56.04-1.jpeg\"\n               title=\"\"\n               data-src=\"https:\/\/islerhavuz.com\/wp-content\/gallery\/bidon\/WhatsApp-Image-2022-06-08-at-08.56.04-1.jpeg\"\n               data-thumbnail=\"https:\/\/islerhavuz.com\/wp-content\/gallery\/bidon\/thumbs\/thumbs_WhatsApp-Image-2022-06-08-at-08.56.04-1.jpeg\"\n               data-image-id=\"6\"\n               data-title=\"WhatsApp-Image-2022-06-08-at-08.56.04-1\"\n               data-description=\"\"\n               data-image-slug=\"whatsapp-image-2022-06-08-at-08-56-04-1\"\n               class=\"ngg-simplelightbox\" rel=\"c06a3b6af7ad3668ef57f7158fa752f4\">\n                <img\n                    title=\"WhatsApp-Image-2022-06-08-at-08.56.04-1\"\n                    alt=\"WhatsApp-Image-2022-06-08-at-08.56.04-1\"\n                    src=\"https:\/\/islerhavuz.com\/wp-content\/gallery\/bidon\/cache\/WhatsApp-Image-2022-06-08-at-08.56.04-1.jpeg-nggid016-ngg0dyn-350x350x100-00f0w010c010r110f110r010t010.jpeg\"\n                    width=\"233\"\n                    height=\"350\"\n                    style=\"max-width:100%;\"\n                \/>\n            <\/a>\n        <\/div>\n\t\t\t\t\t\t\t<\/div> \n\t\t\t\n\t\t\t\t<div id=\"ngg-image-6\" class=\"ngg-gallery-thumbnail-box ngg-4-columns\" >\n\t\t\t\t        <div class=\"ngg-gallery-thumbnail\">\n            <a href=\"https:\/\/islerhavuz.com\/wp-content\/gallery\/bidon\/WhatsApp-Image-2022-06-08-at-08.56.05-1.jpeg\"\n               title=\"\"\n               data-src=\"https:\/\/islerhavuz.com\/wp-content\/gallery\/bidon\/WhatsApp-Image-2022-06-08-at-08.56.05-1.jpeg\"\n               data-thumbnail=\"https:\/\/islerhavuz.com\/wp-content\/gallery\/bidon\/thumbs\/thumbs_WhatsApp-Image-2022-06-08-at-08.56.05-1.jpeg\"\n               data-image-id=\"7\"\n               data-title=\"WhatsApp-Image-2022-06-08-at-08.56.05-1\"\n               data-description=\"\"\n               data-image-slug=\"whatsapp-image-2022-06-08-at-08-56-05-1\"\n               class=\"ngg-simplelightbox\" rel=\"c06a3b6af7ad3668ef57f7158fa752f4\">\n                <img\n                    title=\"WhatsApp-Image-2022-06-08-at-08.56.05-1\"\n                    alt=\"WhatsApp-Image-2022-06-08-at-08.56.05-1\"\n                    src=\"https:\/\/islerhavuz.com\/wp-content\/gallery\/bidon\/cache\/WhatsApp-Image-2022-06-08-at-08.56.05-1.jpeg-nggid017-ngg0dyn-350x350x100-00f0w010c010r110f110r010t010.jpeg\"\n                    width=\"197\"\n                    height=\"350\"\n                    style=\"max-width:100%;\"\n                \/>\n            <\/a>\n        <\/div>\n\t\t\t\t\t\t\t<\/div> \n\t\t\t\n\t\t\t\t<div id=\"ngg-image-7\" class=\"ngg-gallery-thumbnail-box ngg-4-columns\" >\n\t\t\t\t        <div class=\"ngg-gallery-thumbnail\">\n            <a href=\"https:\/\/islerhavuz.com\/wp-content\/gallery\/bidon\/WhatsApp-Image-2022-06-08-at-08.56.05.jpeg\"\n               title=\"\"\n               data-src=\"https:\/\/islerhavuz.com\/wp-content\/gallery\/bidon\/WhatsApp-Image-2022-06-08-at-08.56.05.jpeg\"\n               data-thumbnail=\"https:\/\/islerhavuz.com\/wp-content\/gallery\/bidon\/thumbs\/thumbs_WhatsApp-Image-2022-06-08-at-08.56.05.jpeg\"\n               data-image-id=\"8\"\n               data-title=\"WhatsApp-Image-2022-06-08-at-08.56.05\"\n               data-description=\"\"\n               data-image-slug=\"whatsapp-image-2022-06-08-at-08-56-05\"\n               class=\"ngg-simplelightbox\" rel=\"c06a3b6af7ad3668ef57f7158fa752f4\">\n                <img\n                    title=\"WhatsApp-Image-2022-06-08-at-08.56.05\"\n                    alt=\"WhatsApp-Image-2022-06-08-at-08.56.05\"\n                    src=\"https:\/\/islerhavuz.com\/wp-content\/gallery\/bidon\/cache\/WhatsApp-Image-2022-06-08-at-08.56.05.jpeg-nggid018-ngg0dyn-350x350x100-00f0w010c010r110f110r010t010.jpeg\"\n                    width=\"233\"\n                    height=\"350\"\n                    style=\"max-width:100%;\"\n                \/>\n            <\/a>\n        <\/div>\n\t\t\t\t\t\t\t<\/div> \n\t\t\t\n\t\n\t<br style=\"clear: both\" \/>\n\n\t\n\t\t<!-- Pagination -->\n\t<div class='ngg-clear'><\/div>\t<\/div>\n\n","protected":false},"excerpt":{"rendered":"<p>Plastik Bidon, y\u00fcksek mukavemetli olmas\u0131 sebebiyle bir \u00e7ok end\u00fcstriyel sahan\u0131n yan\u0131 s\u0131ra hayat\u0131n her alan\u0131nda genellikle s\u0131v\u0131lar\u0131n muhafazas\u0131 ve ta\u015f\u0131nmas\u0131nda kullan\u0131l\u0131r.Plastik \u015ei\u015firme (Blow Molding)Y\u00fcksek yo\u011funluklu polietilen(HDPE) hammaddesinin Ekstr\u00fczyon \u015ei\u015firme y\u00f6ntemiyle plastik bidon,f\u0131\u00e7\u0131,\u015fi\u015fe gibi ambalaj ve saklama \u00fcr\u00fcnlerinimizin \u00fcretim teknolojisidir.500ml pet \u015fi\u015fe 1000ml pet \u015fi\u015fe 5lt bidon 10lt bidon 20lt bidon 30lt bidon imalatlar\u0131 yap\u0131lmaktad\u0131r.<\/p>\n","protected":false},"author":1,"featured_media":0,"parent":0,"menu_order":0,"comment_status":"closed","ping_status":"closed","template":"","meta":{"ngg_post_thumbnail":0,"footnotes":""},"class_list":["post-93","page","type-page","status-publish","hentry"],"_links":{"self":[{"href":"https:\/\/islerhavuz.com\/index.php\/wp-json\/wp\/v2\/pages\/93","targetHints":{"allow":["GET"]}}],"collection":[{"href":"https:\/\/islerhavuz.com\/index.php\/wp-json\/wp\/v2\/pages"}],"about":[{"href":"https:\/\/islerhavuz.com\/index.php\/wp-json\/wp\/v2\/types\/page"}],"author":[{"embeddable":true,"href":"https:\/\/islerhavuz.com\/index.php\/wp-json\/wp\/v2\/users\/1"}],"replies":[{"embeddable":true,"href":"https:\/\/islerhavuz.com\/index.php\/wp-json\/wp\/v2\/comments?post=93"}],"version-history":[{"count":4,"href":"https:\/\/islerhavuz.com\/index.php\/wp-json\/wp\/v2\/pages\/93\/revisions"}],"predecessor-version":[{"id":114,"href":"https:\/\/islerhavuz.com\/index.php\/wp-json\/wp\/v2\/pages\/93\/revisions\/114"}],"wp:attachment":[{"href":"https:\/\/islerhavuz.com\/index.php\/wp-json\/wp\/v2\/media?parent=93"}],"curies":[{"name":"wp","href":"https:\/\/api.w.org\/{rel}","templated":true}]}}