{"id":36,"date":"2022-06-01T22:52:41","date_gmt":"2022-06-01T19:52:41","guid":{"rendered":"https:\/\/islerhavuz.com\/index.php\/colibri-wp\/"},"modified":"2022-06-27T14:48:49","modified_gmt":"2022-06-27T11:48:49","slug":"anasayfa","status":"publish","type":"page","link":"https:\/\/islerhavuz.com\/","title":{"rendered":"Ana Sayfa"},"content":{"rendered":"<div data-colibri-id=\"36-c1\" class=\"style-191 style-local-36-c1 position-relative\">\n  <!---->\n  <div data-colibri-component=\"section\" data-colibri-id=\"36-c2\" id=\"overlappable-2\" class=\"h-section h-section-global-spacing d-flex align-items-lg-center align-items-md-center align-items-center style-192 style-local-36-c2 position-relative\">\n    <!---->\n    <!---->\n    <div class=\"h-section-grid-container h-section-boxed-container\">\n      <!---->\n      <div data-colibri-id=\"36-c3\" class=\"h-row-container gutters-row-lg-2 gutters-row-md-2 gutters-row-2 gutters-row-v-lg-2 gutters-row-v-md-2 gutters-row-v-2 style-193 style-local-36-c3 position-relative\">\n        <!---->\n        <div class=\"h-row justify-content-lg-center justify-content-md-center justify-content-center align-items-lg-stretch align-items-md-stretch align-items-stretch gutters-col-lg-2 gutters-col-md-2 gutters-col-2 gutters-col-v-lg-2 gutters-col-v-md-2 gutters-col-v-2\">\n          <!---->\n          <div class=\"h-column h-column-container d-flex h-col-lg-4 h-col-md-4 h-col-12 style-194-outer style-local-36-c4-outer\">\n            <div data-colibri-id=\"36-c4\" class=\"d-flex h-flex-basis h-column__inner h-px-lg-3 h-px-md-3 h-px-3 v-inner-lg-3 v-inner-md-3 v-inner-3 style-194 style-local-36-c4 position-relative\">\n              <!---->\n              <!---->\n              <div class=\"w-100 h-y-container h-column__content h-column__v-align flex-basis-100 align-self-lg-start align-self-md-start align-self-start\">\n                <!---->\n                <div data-colibri-id=\"36-c5\" class=\"h-icon style-195 style-local-36-c5 position-relative h-element\">\n                  <!---->\n                  <a href=\"https:\/\/islerhavuz.com\/index.php\/bidon\/\" h-use-smooth-scroll=\"true\"><span class=\"h-svg-icon h-icon__icon style-195-icon style-local-36-c5-icon\"><!--Icon by Socicon (http:\/\/www.socicon.com)--><svg version=\"1.1\" xmlns=\"http:\/\/www.w3.org\/2000\/svg\" viewBox=\"0 0 1500 1500\">\n\n<path d=\"M226.5 1500v-1500h1047v1500h-1047zM1122 1348.5v-1197h-744v1198.5h744z\"><\/path>\n<\/svg>\n<\/span><\/a>\n                <\/div>\n                <div data-colibri-id=\"36-c6\" class=\"h-global-transition-all h-heading style-196 style-local-36-c6 position-relative h-element\">\n                  <!---->\n                  <div class=\"h-heading__outer style-196 style-local-36-c6\">\n                    <!---->\n                    <!---->\n                    <a href=\"https:\/\/islerhavuz.com\/index.php\/bidon\/\" h-use-smooth-scroll=\"true\">\n                      <h4 class=\"\">Bidon<\/h4>\n                    <\/a>\n                  <\/div>\n                <\/div>\n                <div data-colibri-id=\"36-c7\" class=\"h-text h-text-component style-197 style-local-36-c7 position-relative h-element\">\n                  <!---->\n                  <!---->\n                  <div class=\"\">\n                    <p>Plastik bidon y\u00fcksek mukavemetli olmas\u0131 sebebiyle bir \u00e7ok end\u00fcstriyel sahan\u0131n yan\u0131 s\u0131ra hayat\u0131n her alan\u0131nda genellikle s\u0131v\u0131lar\u0131n muhafazas\u0131 ve ta\u015f\u0131nmas\u0131nda kullan\u0131l\u0131r.<\/p>\n                  <\/div>\n                <\/div>\n              <\/div>\n            <\/div>\n          <\/div>\n          <div class=\"h-column h-column-container d-flex h-col-lg-4 h-col-md-4 h-col-12 style-198-outer style-local-36-c8-outer\">\n            <div data-colibri-id=\"36-c8\" class=\"d-flex h-flex-basis h-column__inner h-px-lg-3 h-px-md-3 h-px-3 v-inner-lg-3 v-inner-md-3 v-inner-3 style-198 style-local-36-c8 position-relative\">\n              <!---->\n              <!---->\n              <div class=\"w-100 h-y-container h-column__content h-column__v-align flex-basis-100 align-self-lg-start align-self-md-start align-self-start\">\n                <!---->\n                <div data-colibri-id=\"36-c9\" class=\"h-icon style-195 style-local-36-c9 position-relative h-element\">\n                  <!---->\n                  <a href=\"https:\/\/islerhavuz.com\/index.php\/havuz-malzemeleri\/\" h-use-smooth-scroll=\"true\"><span class=\"h-svg-icon h-icon__icon style-195-icon style-local-36-c9-icon\"><!--Icon by Font Awesome (https:\/\/fontawesome.com)--><svg version=\"1.1\" xmlns=\"http:\/\/www.w3.org\/2000\/svg\" xmlns:xlink=\"http:\/\/www.w3.org\/1999\/xlink\" id=\"check\" viewBox=\"0 0 1792 1896.0833\"><path d=\"M1671 566q0 40-28 68l-724 724-136 136q-28 28-68 28t-68-28l-136-136-362-362q-28-28-28-68t28-68l136-136q28-28 68-28t68 28l294 295 656-657q28-28 68-28t68 28l136 136q28 28 28 68z\"><\/path><\/svg><\/span><\/a>\n                <\/div>\n                <div data-colibri-id=\"36-c10\" class=\"h-global-transition-all h-heading style-196 style-local-36-c10 position-relative h-element\">\n                  <!---->\n                  <div class=\"h-heading__outer style-196 style-local-36-c10\">\n                    <!---->\n                    <!---->\n                    <a href=\"https:\/\/islerhavuz.com\/index.php\/havuz-malzemeleri\/\" h-use-smooth-scroll=\"true\">\n                      <h4 class=\"\">Havuz Ekipmanlar\u0131<\/h4>\n                    <\/a>\n                  <\/div>\n                <\/div>\n                <div data-colibri-id=\"36-c11\" class=\"h-text h-text-component style-197 style-local-36-c11 position-relative h-element\">\n                  <!---->\n                  <!---->\n                  <div class=\"\">\n                    <p>P\u0131narba\u015f\u0131 \u0130ZM\u0130R de bulunan fabrikam\u0131zda, plastik havuz ekipmanlar\u0131 ve bidon imalat\u0131m\u0131zla 25 y\u0131ld\u0131r hizmet vermekteyiz. Sorular\u0131n\u0131z ve \u00fcr\u00fcn temini i\u00e7in bize ula\u015f\u0131n\u0131z.<\/p>\n                  <\/div>\n                <\/div>\n              <\/div>\n            <\/div>\n          <\/div>\n          <div class=\"h-column h-column-container d-flex h-col-lg-4 h-col-md-4 h-col-12 style-199-outer style-local-36-c12-outer\">\n            <div data-colibri-id=\"36-c12\" class=\"d-flex h-flex-basis h-column__inner h-px-lg-3 h-px-md-3 h-px-3 v-inner-lg-3 v-inner-md-3 v-inner-3 style-199 style-local-36-c12 position-relative\">\n              <!---->\n              <!---->\n              <div class=\"w-100 h-y-container h-column__content h-column__v-align flex-basis-100 align-self-lg-start align-self-md-start align-self-start\">\n                <!---->\n                <div data-colibri-id=\"36-c13\" class=\"h-icon style-195 style-local-36-c13 position-relative h-element\">\n                  <!----><span class=\"h-svg-icon h-icon__icon style-195-icon style-local-36-c13-icon\"><!--Icon by Font Awesome (https:\/\/fontawesome.com)--><svg version=\"1.1\" xmlns=\"http:\/\/www.w3.org\/2000\/svg\" xmlns:xlink=\"http:\/\/www.w3.org\/1999\/xlink\" id=\"phone\" viewBox=\"0 0 1408 1896.0833\"><path d=\"M1408 1240q0 27-10 70.5t-21 68.5q-21 50-122 106-94 51-186 51-27 0-53-3.5t-57.5-12.5-47-14.5T856 1485t-49-18q-98-35-175-83-127-79-264-216T152 904q-48-77-83-175-3-9-18-49t-20.5-55.5-14.5-47T3.5 520 0 467q0-92 51-186 56-101 106-122 25-11 68.5-21t70.5-10q14 0 21 3 18 6 53 76 11 19 30 54t35 63.5 31 53.5q3 4 17.5 25t21.5 35.5 7 28.5q0 20-28.5 50t-62 55-62 53-28.5 46q0 9 5 22.5t8.5 20.5 14 24 11.5 19q76 137 174 235t235 174q2 1 19 11.5t24 14 20.5 8.5 22.5 5q18 0 46-28.5t53-62 55-62 50-28.5q14 0 28.5 7t35.5 21.5 25 17.5q25 15 53.5 31t63.5 35 54 30q70 35 76 53 3 7 3 21z\"><\/path><\/svg><\/span><\/div>\n                <div\n                  data-colibri-id=\"36-c14\" class=\"h-global-transition-all h-heading style-196 style-local-36-c14 position-relative h-element\">\n                  <!---->\n                  <div class=\"h-heading__outer style-196 style-local-36-c14\">\n                    <!---->\n                    <!---->\n                    <h4 class=\"\">Bize Ula\u015f\u0131n<\/h4>\n                  <\/div>\n              <\/div>\n              <div data-colibri-id=\"36-c15\" class=\"h-text h-text-component style-197 style-local-36-c15 position-relative h-element\">\n                <!---->\n                <!---->\n                <div class=\"\">\n                  <p><strong>ADRES:&nbsp;<\/strong>Kemalpa\u015fa Mah. 7081 Sk. No:25\/2 Bornova \/ \u0130ZM\u0130R<\/p>\n                  <p>KAD\u0130R BEY &#8211; 0506 884 97 89<\/p>\n                  <p><strong>E-MA\u0130L:<\/strong>\n                    <br>info@islerhavuz.com\n                    <br>cevikeller@hotmail.com<\/p>\n                <\/div>\n              <\/div>\n            <\/div>\n          <\/div>\n        <\/div>\n      <\/div>\n    <\/div>\n  <\/div>\n<\/div>\n<div data-colibri-component=\"section\" data-colibri-id=\"36-c16\" id=\"about-2\" class=\"h-section h-section-global-spacing d-flex align-items-lg-center align-items-md-center align-items-center style-333 style-local-36-c16 position-relative\">\n  <!---->\n  <!---->\n  <div class=\"h-section-grid-container h-section-boxed-container\">\n    <!---->\n    <div data-colibri-id=\"36-c17\" class=\"h-row-container gutters-row-lg-0 gutters-row-md-0 gutters-row-0 gutters-row-v-lg-0 gutters-row-v-md-0 gutters-row-v-0 style-334 style-local-36-c17 position-relative\">\n      <!---->\n      <div class=\"h-row justify-content-lg-center justify-content-md-center justify-content-center align-items-lg-stretch align-items-md-stretch align-items-stretch gutters-col-lg-0 gutters-col-md-0 gutters-col-0 gutters-col-v-lg-0 gutters-col-v-md-0 gutters-col-v-0\">\n        <!---->\n        <div class=\"h-column h-column-container d-flex h-col-lg-auto h-col-md-auto h-col-auto style-335-outer style-local-36-c18-outer\">\n          <div data-colibri-id=\"36-c18\" class=\"d-flex h-flex-basis h-column__inner h-px-lg-0 h-px-md-0 h-px-0 v-inner-lg-0 v-inner-md-0 v-inner-0 style-335 style-local-36-c18 position-relative\">\n            <!---->\n            <!---->\n            <div class=\"w-100 h-y-container h-column__content h-column__v-align flex-basis-100 align-self-lg-start align-self-md-start align-self-start\">\n              <!---->\n              <div data-colibri-id=\"36-c19\" class=\"h-global-transition-all h-heading style-337 style-local-36-c19 position-relative h-element\">\n                <!---->\n                <div class=\"h-heading__outer style-337 style-local-36-c19\">\n                  <!---->\n                  <!---->\n                  <h2 class=\"\">Bidon<\/h2>\n                <\/div>\n              <\/div>\n              <div data-colibri-id=\"36-c20\" class=\"h-text h-text-component style-338 style-local-36-c20 position-relative h-element\">\n                <!---->\n                <!---->\n                <div class=\"\">\n                  <p><span style=\"font-weight: 400; font-size: 16px; font-family: Lato; color: rgb(58, 97, 107);\">Plastik Bidon, y\u00fcksek mukavemetli olmas\u0131 sebebiyle bir \u00e7ok end\u00fcstriyel sahan\u0131n yan\u0131 s\u0131ra hayat\u0131n her alan\u0131nda genellikle s\u0131v\u0131lar\u0131n muhafazas\u0131 ve ta\u015f\u0131nmas\u0131nda kullan\u0131l\u0131r.<br><\/span><\/p>\n                  <p><span style=\"font-weight: 400; font-size: 16px; font-family: Lato; color: rgb(58, 97, 107);\">Plastik \u015ei\u015firme (Blow Molding)Y\u00fcksek yo\u011funluklu polietilen(HDPE) hammaddesinin Ekstr\u00fczyon \u015ei\u015firme y\u00f6ntemiyle plastik bidon,f\u0131\u00e7\u0131,\u015fi\u015fe gibi ambalaj ve saklama \u00fcr\u00fcnlerinimizin \u00fcretim teknolojisidir.<\/span><\/p>\n                  <p><span style=\"font-weight: 400; font-size: 16px; font-family: Lato; color: rgb(58, 97, 107);\">500ml pet \u015fi\u015fe 1000ml pet \u015fi\u015fe 5lt bidon 10lt bidon 20lt bidon 30lt bidon imalatlar\u0131 yap\u0131lmaktad\u0131r.<\/span><\/p>\n                <\/div>\n              <\/div>\n            <\/div>\n          <\/div>\n        <\/div>\n        <div class=\"h-column h-column-container d-flex h-col-lg-auto h-col-md-auto h-col-auto style-339-outer style-local-36-c21-outer\">\n          <div data-colibri-id=\"36-c21\" class=\"d-flex h-flex-basis h-column__inner h-ui-empty-state-container h-px-lg-2 h-px-md-2 h-px-2 v-inner-lg-2 v-inner-md-2 v-inner-2 style-339 style-local-36-c21 position-relative\">\n            <!---->\n            <!---->\n            <div class=\"w-100 h-y-container h-column__content h-column__v-align flex-basis-100\">\n              <!---->\n            <\/div>\n          <\/div>\n        <\/div>\n      <\/div>\n    <\/div>\n  <\/div>\n<\/div>\n<div data-colibri-component=\"section\" data-colibri-id=\"36-c22\" id=\"contact\" class=\"h-section h-section-global-spacing d-flex align-items-lg-center align-items-md-center align-items-center style-325 style-local-36-c22 position-relative\">\n  <!---->\n  <!---->\n  <div class=\"h-section-grid-container h-section-boxed-container\">\n    <!---->\n    <div data-colibri-id=\"36-c23\" class=\"h-row-container gutters-row-lg-2 gutters-row-md-2 gutters-row-2 gutters-row-v-lg-2 gutters-row-v-md-2 gutters-row-v-2 style-326 style-local-36-c23 position-relative\">\n      <!---->\n      <div class=\"h-row justify-content-lg-center justify-content-md-center justify-content-center align-items-lg-stretch align-items-md-stretch align-items-stretch gutters-col-lg-2 gutters-col-md-2 gutters-col-2 gutters-col-v-lg-2 gutters-col-v-md-2 gutters-col-v-2\">\n        <!---->\n        <div class=\"h-column h-column-container d-flex h-col-lg-auto h-col-md-auto h-col-auto style-327-outer style-local-36-c24-outer\">\n          <div data-colibri-id=\"36-c24\" class=\"d-flex h-flex-basis h-column__inner h-px-lg-0 h-px-md-0 h-px-0 v-inner-lg-0 v-inner-md-0 v-inner-0 style-327 style-local-36-c24 position-relative\">\n            <!---->\n            <!---->\n            <div class=\"w-100 h-y-container h-column__content h-column__v-align flex-basis-100 align-self-lg-start align-self-md-start align-self-start\">\n              <!---->\n              <div data-colibri-id=\"36-c25\" class=\"h-row-container gutters-row-lg-0 gutters-row-md-0 gutters-row-0 gutters-row-v-lg-0 gutters-row-v-md-0 gutters-row-v-0 style-328 style-local-36-c25 position-relative\">\n                <!---->\n                <div class=\"h-row justify-content-lg-center justify-content-md-center justify-content-center align-items-lg-stretch align-items-md-stretch align-items-stretch gutters-col-lg-0 gutters-col-md-0 gutters-col-0 gutters-col-v-lg-0 gutters-col-v-md-0 gutters-col-v-0\">\n                  <!---->\n                  <div class=\"h-column h-column-container d-flex h-col-lg-auto h-col-md-auto h-col-auto style-329-outer style-local-36-c26-outer\">\n                    <div data-colibri-id=\"36-c26\" class=\"d-flex h-flex-basis h-column__inner h-ui-empty-state-container h-px-lg-0 h-px-md-0 h-px-0 v-inner-lg-0 v-inner-md-0 v-inner-0 style-329 style-local-36-c26 position-relative\">\n                      <!---->\n                      <!---->\n                      <div class=\"w-100 h-y-container h-column__content h-column__v-align flex-basis-100\">\n                        <!---->\n                      <\/div>\n                    <\/div>\n                  <\/div>\n                  <div class=\"h-column h-column-container d-flex h-col-lg-auto h-col-md-auto h-col-auto style-330-outer style-local-36-c27-outer\">\n                    <div data-colibri-id=\"36-c27\" class=\"d-flex h-flex-basis h-column__inner h-px-lg-3 h-px-md-3 h-px-3 v-inner-lg-3 v-inner-md-3 v-inner-3 style-330 style-local-36-c27 position-relative\">\n                      <!---->\n                      <!---->\n                      <div class=\"w-100 h-y-container h-column__content h-column__v-align flex-basis-100 align-self-lg-start align-self-md-start align-self-start\">\n                        <!---->\n                        <div data-colibri-id=\"36-c28\" class=\"h-global-transition-all h-heading style-331 style-local-36-c28 position-relative h-element\">\n                          <!---->\n                          <div class=\"h-heading__outer style-331 style-local-36-c28\">\n                            <!---->\n                            <!---->\n                            <h4 class=\"\">\u0130leti\u015fim Formu<\/h4>\n                          <\/div>\n                        <\/div>\n                        <div data-colibri-id=\"36-c29\" class=\"h-contact-form__outer--forminator style-332 style-local-36-c29 position-relative h-element\">\n                          <!---->\n                          <div class=\"h-global-transition-all h-global-transition h-global-transition-all h-contact-form-shortcode\"><div class=\"forminator-ui forminator-custom-form forminator-custom-form-396 forminator-design--flat  forminator_ajax\" data-forminator-render=\"0\" data-form=\"forminator-module-396\"><br\/><\/div><form\n\t\t\t\tid=\"forminator-module-396\"\n\t\t\t\tclass=\"forminator-ui forminator-custom-form forminator-custom-form-396 forminator-design--flat  forminator_ajax\"\n\t\t\t\tmethod=\"post\"\n\t\t\t\tdata-forminator-render=\"0\"\n\t\t\t\tdata-form-id=\"396\"\n\t\t\t\t\n\t\t\t\tdata-design=\"flat\"\n\t\t\t\t\n\t\t\t\t\n\t\t\t\t\n\t\t\t\tdata-grid=\"open\"\n\t\t\t\t\n\t\t\t\t\n\t\t\t\tstyle=\"display: none;\"\n\t\t\t><div class=\"forminator-response-message forminator-error\" aria-hidden=\"true\"><\/div><div class=\"forminator-row\"><div id=\"name-1\" class=\"forminator-col forminator-col-12 \"><div class=\"forminator-field\"><label for=\"forminator-field-name-1\" class=\"forminator-label\">Ad Soyad <span class=\"forminator-required\">*<\/span><\/label><input type=\"text\" name=\"name-1\" value=\"\" placeholder=\"\" id=\"forminator-field-name-1\" class=\"forminator-input forminator-name--field\" aria-required=\"true\" \/><\/div><\/div><\/div><div class=\"forminator-row\"><div id=\"email-1\" class=\"forminator-col forminator-col-12 \"><div class=\"forminator-field\"><label for=\"forminator-field-email-1\" class=\"forminator-label\">E-posta Adresi <span class=\"forminator-required\">*<\/span><\/label><input type=\"email\" name=\"email-1\" value=\"\" placeholder=\"\" id=\"forminator-field-email-1\" class=\"forminator-input forminator-email--field\" data-required=\"true\" aria-required=\"true\" \/><\/div><\/div><\/div><div class=\"forminator-row\"><div id=\"phone-1\" class=\"forminator-col forminator-col-12 \"><div class=\"forminator-field\"><label for=\"forminator-field-phone-1\" class=\"forminator-label\">Telefon Numaras\u0131<\/label><input type=\"text\" name=\"phone-1\" value=\"\" placeholder=\"\" id=\"forminator-field-phone-1\" class=\"forminator-input forminator-field--phone\" data-required=\"\" aria-required=\"false\" autocomplete=\"off\" \/><\/div><\/div><\/div><div class=\"forminator-row\"><div id=\"textarea-1\" class=\"forminator-col forminator-col-12 \"><div class=\"forminator-field\"><label for=\"forminator-field-textarea-1\" class=\"forminator-label\">Mesaj<\/label><textarea name=\"textarea-1\" placeholder=\"Mesaj\u0131n\u0131z\u0131 giriniz...\" id=\"forminator-field-textarea-1\" class=\"forminator-textarea\" rows=\"6\" style=\"min-height:140px;\" maxlength=\"180\" ><\/textarea><span class=\"forminator-description\"><span data-limit=\"180\" data-type=\"characters\">0 \/ 180<\/span><\/span><\/div><\/div><\/div><input type=\"hidden\" name=\"referer_url\" value=\"\" \/><div class=\"forminator-row forminator-row-last\"><div class=\"forminator-col\"><div class=\"forminator-field\"><button class=\"forminator-button forminator-button-submit\">Mesaj G&ouml;nder<\/button><\/div><\/div><\/div><input type=\"hidden\" id=\"forminator_nonce\" name=\"forminator_nonce\" value=\"204773b567\" \/><input type=\"hidden\" name=\"_wp_http_referer\" value=\"\/index.php\/wp-json\/wp\/v2\/pages\/36\" \/><input type=\"hidden\" name=\"form_id\" value=\"396\"><input type=\"hidden\" name=\"page_id\" value=\"36\"><input type=\"hidden\" name=\"form_type\" value=\"default\"><input type=\"hidden\" name=\"current_url\" value=\"https:\/\/islerhavuz.com\/wp-json\/wp\/v2\/pages\/36\/\"><input type=\"hidden\" name=\"render_id\" value=\"0\"><input type=\"hidden\" name=\"action\" value=\"forminator_submit_form_custom-forms\"><\/form><\/div>\n                        <\/div>\n                      <\/div>\n                    <\/div>\n                  <\/div>\n                <\/div>\n              <\/div>\n            <\/div>\n          <\/div>\n        <\/div>\n      <\/div>\n    <\/div>\n  <\/div>\n<\/div>\n<\/div>","protected":false},"excerpt":{"rendered":"<p>Bidon Plastik bidon y\u00fcksek mukavemetli olmas\u0131 sebebiyle bir \u00e7ok end\u00fcstriyel sahan\u0131n yan\u0131 s\u0131ra hayat\u0131n her alan\u0131nda genellikle s\u0131v\u0131lar\u0131n muhafazas\u0131 ve ta\u015f\u0131nmas\u0131nda kullan\u0131l\u0131r. Havuz Ekipmanlar\u0131 P\u0131narba\u015f\u0131 \u0130ZM\u0130R de bulunan fabrikam\u0131zda, plastik havuz ekipmanlar\u0131 ve bidon imalat\u0131m\u0131zla 25 y\u0131ld\u0131r hizmet vermekteyiz. Sorular\u0131n\u0131z ve \u00fcr\u00fcn temini i\u00e7in bize ula\u015f\u0131n\u0131z. Bize Ula\u015f\u0131n ADRES:&nbsp;Kemalpa\u015fa Mah. 7081 Sk. No:25\/2 Bornova \/ [&hellip;]<\/p>\n","protected":false},"author":1,"featured_media":0,"parent":0,"menu_order":0,"comment_status":"closed","ping_status":"closed","template":"page-templates\/homepage.php","meta":{"ngg_post_thumbnail":0,"footnotes":""},"class_list":["post-36","page","type-page","status-publish","hentry"],"_links":{"self":[{"href":"https:\/\/islerhavuz.com\/index.php\/wp-json\/wp\/v2\/pages\/36","targetHints":{"allow":["GET"]}}],"collection":[{"href":"https:\/\/islerhavuz.com\/index.php\/wp-json\/wp\/v2\/pages"}],"about":[{"href":"https:\/\/islerhavuz.com\/index.php\/wp-json\/wp\/v2\/types\/page"}],"author":[{"embeddable":true,"href":"https:\/\/islerhavuz.com\/index.php\/wp-json\/wp\/v2\/users\/1"}],"replies":[{"embeddable":true,"href":"https:\/\/islerhavuz.com\/index.php\/wp-json\/wp\/v2\/comments?post=36"}],"version-history":[{"count":20,"href":"https:\/\/islerhavuz.com\/index.php\/wp-json\/wp\/v2\/pages\/36\/revisions"}],"predecessor-version":[{"id":455,"href":"https:\/\/islerhavuz.com\/index.php\/wp-json\/wp\/v2\/pages\/36\/revisions\/455"}],"wp:attachment":[{"href":"https:\/\/islerhavuz.com\/index.php\/wp-json\/wp\/v2\/media?parent=36"}],"curies":[{"name":"wp","href":"https:\/\/api.w.org\/{rel}","templated":true}]}}